{"id":8,"date":"2018-03-07T09:20:17","date_gmt":"2018-03-07T09:20:17","guid":{"rendered":"https:\/\/kuner-haustechnik.de\/?page_id=8"},"modified":"2024-11-06T10:30:07","modified_gmt":"2024-11-06T10:30:07","slug":"mesmerize","status":"publish","type":"page","link":"https:\/\/kuner-haustechnik.de\/","title":{"rendered":"Front Page"},"content":{"rendered":"<div  data-label=\"Content\" data-id=\"content--1\" data-export-id=\"content-12\" data-category=\"content\" class=\"content-12 content-section content-section-spacing\" id=\"content-1\" style=\"background-color: rgb(245, 250, 253);\"><div  class=\"gridContainer\"> <div  class=\"row text-center\"><div  class=\"section-title-col\" data-type=\"column\">  <h2  class=\"\"><span  style=\"font-family: Muli, arial, helvetica, sans-serif; color: rgb(10, 85, 152); font-weight: 700;\">KUNER GmbH &amp; Co. Haustechnik KG<\/span><span  style=\"font-family: Muli, arial, helvetica, sans-serif; color: rgb(10, 85, 152); font-weight: 600;\"><\/span><\/h2><h3  class=\"\"><span  style=\"font-weight: 400; color: rgb(10, 85, 152);\">Seit 1946 f\u00fcr Sie da!<\/span><\/h3><p  class=\"lead\"><span  style=\"font-family: Open Sans, arial, helvetica, sans-serif;\">Wir sind ein zuverl\u00e4ssiger und kompetenter Fachpartner f\u00fcr alle Aufgaben im Heizungs-, Sanit\u00e4r-, Solar- und L\u00fcftungsbereich. Langj\u00e4hrige Erfahrung, hohes Fachwissen und ein flexibles, junges Team machen uns seit mehr als 75 Jahren zu einem Ansprechpartner, der f\u00fcr jede Aufgabe eine L\u00f6sung bietet.<\/span><br ><span  style=\"font-family: Open Sans, arial, helvetica, sans-serif;\">\nWir freuen uns auf eine Zusammenarbeit!<\/span><\/p><\/div> <\/div> <div  class=\"row center-xs middle-xs\"> <div  class=\"col-sm-9\" data-type=\"column\"> <a class=\"button color7\" href=\"mailto:info@kuner-haustechnik.de?bcc=bau%40favoriet.de\" target=\"_blank\" data-cp-link=\"1\" data-icon=\"fa-envelope-o\" rel=\"noopener\"><span  class=\"button-icon fa fa-envelope-o\"><\/span>KONTAKTIEREN SIE UNS<\/a><\/div> <\/div><\/div> <\/div><div  data-label=\"Features\" data-id=\"features--1\" data-export-id=\"features-16\" data-category=\"features\" class=\"features-16 content-section content-section-spacing\" id=\"features-4\" style=\"background-color: rgb(245, 250, 253);\"><div  class=\"gridContainer\"> <div  class=\"row text-center\"><div  class=\"section-title-col\" data-type=\"column\"> <h2  class=\"\"><span  style=\"font-family: Muli, arial, helvetica, sans-serif; color: rgb(10, 85, 152);\">Unsere Kompetenzen<\/span><\/h2> <\/div> <\/div> <div  class=\"row spaced-cols\" data-type=\"row\"> <div  class=\"col-xs-12 col-sm-6 space-bottom col-md-6 \"> <img decoding=\"async\"  class=\"face\" src=\"https:\/\/kuner-haustechnik.de\/wp-content\/uploads\/2018\/03\/cropped-Fotolia_108892256_S.jpg\" title=\"cropped-Fotolia_108892256_S.jpg\" alt=\"\"> <div  data-type=\"column\" class=\"col-padding-small col-padding-small-xs description-container\">  <h3  class=\"\"><span  style=\"font-family: Muli, arial, helvetica, sans-serif; color: rgb(107, 124, 147);\">Mit High-Tech gut ger\u00fcstet f\u00fcr die Zukunft<\/span><\/h3><p  class=\"\"><span  style=\"font-family: Open Sans, arial, helvetica, sans-serif;\">Gerne zeigen wir Ihnen wie Sie Energie und Kosten sparen durch die Installation umweltschonender Anlagen.<\/span><br ><span  style=\"font-family: Open Sans, arial, helvetica, sans-serif;\">\nDie von uns eingebauten Heizungen erf\u00fcllen die strengsten Emissionsrichtlinien und unterschreiten schon heute die vom Gesetzgeber geforderten Grenzwerte. <\/span><br ><span  style=\"font-family: Open Sans, arial, helvetica, sans-serif;\"><\/span><span  style=\"font-family: Open Sans, arial, helvetica, sans-serif;\">Durch Individuelle Beratung von unseren Fachberatern, direkt bei Ihnen vor Ort, garantieren wir Ihnen eine optimale und kosteng\u00fcnstige L\u00f6sung in Sachen Heizungstechnik. <\/span><\/p> <\/div> <\/div> <div  class=\"col-xs-12 col-sm-6 space-bottom col-md-6 \"> <img decoding=\"async\"  class=\"face\" src=\"https:\/\/kuner-haustechnik.de\/wp-content\/uploads\/2021\/02\/cropped-Badezimmer-6.jpg\" title=\"cropped-Badezimmer-6.jpg\" alt=\"\"> <div  data-type=\"column\" class=\"col-padding-small col-padding-small-xs description-container\"> <h3  class=\"\"><span  style=\"font-family: Muli, arial, helvetica, sans-serif; color: rgb(107, 124, 147);\">Badgestaltung \u2013 Von barrierefrei, \u00fcber Standard bis zum Luxusbad ist alles m\u00f6glich<\/span><\/h3> <p  class=\"\"><span  style=\"font-family: Open Sans, arial, helvetica, sans-serif;\">Gerne planen wir mit Ihnen den Umbau Ihres Bades so vorausschauend, dass alle Bewohner lange Freude daran haben. Auch barrierefreie B\u00e4der k\u00f6nnen edel gestaltet werden. Ihren Vorstellungen sind dort keine Grenzen gesetzt. \n<\/span><span  style=\"font-family: Open Sans, arial, helvetica, sans-serif;\">Aber auch Standard- oder Luxusb\u00e4der sind f\u00fcr uns kein Problem. <\/span><br ><span  style=\"font-family: Open Sans, arial, helvetica, sans-serif;\">Moderne, zeitlose und komfortable Einrichtung kombiniert mit ausgereiften und bew\u00e4hrten Bad-Ideen oder exklusive Badlandschaften f\u00fcr ein individuelles Spa-Gef\u00fchl. \n<\/span><\/p> <\/div> <\/div> <div  class=\"col-xs-12 col-sm-6 space-bottom col-md-6 \"> <img decoding=\"async\"  class=\"face\" src=\"https:\/\/kuner-haustechnik.de\/wp-content\/uploads\/2021\/02\/cropped-Wartung.jpg\" title=\"cropped-Wartung.jpg\" alt=\"\"> <div  data-type=\"column\" class=\"col-padding-small col-padding-small-xs description-container\">  <h3  class=\"\"><span  style=\"font-family: Muli, arial, helvetica, sans-serif; color: rgb(107, 124, 147);\">Wartung\/Kundendienst<\/span><\/h3><p  class=\"\"><span  style=\"font-family: Open Sans, arial, helvetica, sans-serif;\">Unser Wartungsvertrag beinhaltet:<\/span><br ><span  style=\"font-family: Open Sans, arial, helvetica, sans-serif;\">\n\u2013 Anfahrt<\/span><br ><span  style=\"font-family: Open Sans, arial, helvetica, sans-serif;\">\n\u2013 Arbeitszeit im Rahmen des Vertrages<\/span><br ><span  style=\"font-family: Open Sans, arial, helvetica, sans-serif;\">\n\u2013 Kesselreinigung<\/span><br ><span  style=\"font-family: Open Sans, arial, helvetica, sans-serif;\">\n\u2013 Feuerungstechnische Einstellung des Brenners<\/span><br ><span  style=\"font-family: Open Sans, arial, helvetica, sans-serif;\">\n\u2013 Protokollierte Abgasmessung<\/span><br ><span  style=\"font-family: Open Sans, arial, helvetica, sans-serif;\">\n\u2013 PH- und Leitwertmessungen<\/span><br ><span  style=\"font-family: Open Sans, arial, helvetica, sans-serif;\">\n\u2013 Pr\u00fcfung und Bef\u00fcllen der Ausdehnungsgef\u00e4\u00dfe<\/span><br ><span  style=\"font-family: Open Sans, arial, helvetica, sans-serif;\">\n\u2013 Anlagentechnische Pr\u00fcfung<\/span><\/p> <\/div> <\/div><div  class=\"col-xs-12 col-sm-6 space-bottom col-md-6 \"> <img decoding=\"async\"  class=\"face\" src=\"https:\/\/kuner-haustechnik.de\/wp-content\/uploads\/2021\/02\/cropped-Waermepumpen-2.jpg\" title=\"cropped-Waermepumpen-2.jpg\" alt=\"\"> <div  data-type=\"column\" class=\"col-padding-small col-padding-small-xs description-container\">   <h3  class=\"\"><span  style=\"font-family: Muli, arial, helvetica, sans-serif; color: rgb(107, 124, 147);\">W\u00e4rmepumpen<\/span><span  id=\"_mce_caret\" data-mce-bogus=\"1\" data-mce-type=\"format-caret\"><span  style=\"color: rgb(107, 124, 147); font-family: Muli, arial, helvetica, sans-serif;\">\ufeff<\/span><\/span><\/h3><p  class=\"\"><span  style=\"font-family: Open Sans, arial, helvetica, sans-serif;\">\nZu unserem Angebot geh\u00f6ren Erd- und Luftw\u00e4rmetechnologien. Ganz nach Ihren Bed\u00fcrfnissen und Gegebenheiten k\u00f6nnen wir Sie beraten, welche Variante f\u00fcr Sie in Frage kommt. Dabei steht im Vordergrund, dass wir die effizienteste M\u00f6glichkeit f\u00fcr Sie finden. Wir arbeiten ausschlie\u00dflich mit renommierten Anbietern in diesem Bereich zusammen. \n<br >Gerne erstellen wir Ihnen dazu ein Angebot. \n<br ><br >Argumente f\u00fcr W\u00e4rmepumpen:<br >\u2013 zukunftssicher<\/span><br ><span  style=\"font-family: Open Sans, arial, helvetica, sans-serif;\">\u2013 umweltfreundlich und hocheffizient<\/span><br ><span  style=\"font-family: Open Sans, arial, helvetica, sans-serif;\">\u2013 innovativ<\/span><br ><span  style=\"font-family: Open Sans, arial, helvetica, sans-serif;\">\u2013 attraktiv gef\u00f6rdert<\/span><\/p><\/div> <\/div><\/div> <\/div><\/div><div  data-label=\"Content\" data-id=\"content--2\" data-export-id=\"content-7\" data-category=\"content\" class=\"content-7 content-section content-section-spacing\" id=\"content-2\" style=\"background-color: rgb(255, 255, 255);\"><div  class=\"gridContainer\"> <div  class=\"row middle-sm\"><div  class=\"col-sm-6 space-bottom-xs\" data-type=\"column\"> <h2  class=\"\">M\u00f6chten Sie eine gem\u00fctliche, warme Atmosph\u00e4re an Bord Ihrer Yacht oder Ihres Schiffes schaffen?<\/h2> <p  class=\"\">Dann sind Sie mit uns an der richtigen Stelle. Wir haben Erfahrung mit dem Einbau zuverl\u00e4ssiger Heizsysteme f\u00fcr Sportboote, Yachten und Gewerbeschiffe.\n<br ><br >\nWir haben f\u00fcr jede Situation das richtige System, um Ihre spezifischen Bed\u00fcrfnisse und W\u00fcnsche zu erf\u00fcllen.<\/p> <\/div> <div  class=\"col-sm-6\" data-type=\"column\"> <img decoding=\"async\"  class=\"shadow-large\" src=\"https:\/\/kuner-haustechnik.de\/wp-content\/uploads\/2024\/01\/cropped-AdobeStock_114541916-scaled-1.jpeg\" title=\"cropped-AdobeStock_114541916-scaled-1.jpeg\" alt=\"\"><\/div> <\/div><\/div> <\/div><div  data-label=\"Content\" data-id=\"content--3\" data-export-id=\"content-8\" data-category=\"content\" class=\"content-8 content-section content-section-spacing\" id=\"content-3\" style=\"background-color: rgb(245, 250, 253);\"><div  class=\"gridContainer\"> <div  class=\"row middle-sm\"><div  class=\"col-sm-6 space-bottom-xs space-top-xs\" data-type=\"column\"> <img decoding=\"async\"  class=\"shadow-large\" src=\"https:\/\/kuner-haustechnik.de\/wp-content\/uploads\/2024\/01\/cropped-Logo_Marine_Heating_kleiner.png\" title=\"cropped-Logo_Marine_Heating_kleiner.png\" alt=\"\"><\/div> <div  class=\"col-sm-6\" data-type=\"column\"> <h2  class=\"\">Schiffsheizung vom Profi<\/h2><p  class=\"\">Seit neuestem bauen wir individuell gestaltbare Bodenkonvektorsysteme als Warmwassersystem in Yachten ein. Ger\u00e4uschlose W\u00e4rme von h\u00f6chstem Niveau.<\/p> <\/div> <\/div><\/div> <\/div><div  data-label=\"Cta\" data-id=\"cta--1\" data-export-id=\"cta-centered-section-grid\" data-category=\"cta\" class=\"cta-centered-section-grid content-section content-section-spacing-medium bg-color1 white-text\" id=\"cta-1\" style=\"background-image: none; background-color: rgb(10, 85, 152);\"><div  class=\"gridContainer\"> <div  class=\"row text-center\"><div  class=\"col-xs-12 col-sm-10 col-sm-offset-1 col-md-8 col-md-offset-2\" data-type=\"column\"> <h2  class=\"\">Haben wir Ihr Interesse geweckt?<\/h2> <p  class=\"\">Kontaktieren Sie uns f\u00fcr einen individuellen und unverbindlichen Beratungstermin!<\/p> <a class=\"button color2\" href=\"mailto:info@kuner-haustechnik.de?bcc=bau%40favoriet.de\" target=\"_blank\" data-cp-link=\"1\" data-icon=\"\" rel=\"noopener\">Anfrage senden<\/a><\/div> <\/div><\/div> <\/div><div  data-label=\"Gallery\" data-id=\"gallery--1\" data-export-id=\"gallery-1\" data-category=\"gallery\" class=\"gallery-1 content-section content-section-spacing\" id=\"gallery-1\" style=\"background-color: rgb(245, 250, 253);\"><div  class=\"gridContainer\"> <div  class=\"row\"><div  class=\"section-title-col\" data-type=\"column\"> <h2  class=\"\">Referenzbilder<\/h2> <\/div> <\/div> <div  class=\"row text-center\"> <div  class=\"col-xs-12\" data-editable=\"true\" data-content-shortcode=\"mesmerize_gallery id=&quot;mesmerize-gallery-1&quot; columns=&quot;4&quot; ids=&quot;284,287,288,286&quot; lb=&quot;1&quot; masonry=&quot;1&quot; size=&quot;medium&quot; link=&quot;file&quot; \"><div id='mesmerize-gallery-1' class='gallery-wrapper'><style type=\"text\/css\">\n                    @media only screen and (min-width: 768px) {\n                    [data-unique-id='mesmerize-gallery-1-69f2c9e78659e'] dl {\n                        float: left;\n                        width: 25% !important;\n                        max-width:  25% !important;\n                        min-width:  25% !important;\n                    }\n\n                    [data-unique-id='mesmerize-gallery-1-69f2c9e78659e'] dl:nth-of-type(4n +1 ) {\n                      clear: both;\n                      }\n                    }\n                <\/style><div id='mesmerize-gallery-1' class='mesmerize-gallery-1-dls-wrapper gallery-items-wrapper materialis-gallery' data-unique-id='mesmerize-gallery-1-69f2c9e78659e'><dl class='gallery-item'>\n\t\t\t<dt class='gallery-icon portrait'>\n\t\t\t\t<a data-fancybox=\"mesmerize-gallery-1-group\" href='https:\/\/kuner-haustechnik.de\/wp-content\/uploads\/2024\/01\/03ff444e-3a25-4c13-8653-a5a2ad9700e9.jpg'><img loading=\"lazy\" decoding=\"async\"  width=\"225\" height=\"300\" src=\"https:\/\/kuner-haustechnik.de\/wp-content\/uploads\/2024\/01\/03ff444e-3a25-4c13-8653-a5a2ad9700e9-225x300.jpg\"  class='mesmerize-gallery-1-image' alt=\"\" aria-describedby=\"gallery-1-284\" srcset=\"https:\/\/kuner-haustechnik.de\/wp-content\/uploads\/2024\/01\/03ff444e-3a25-4c13-8653-a5a2ad9700e9-225x300.jpg 225w, https:\/\/kuner-haustechnik.de\/wp-content\/uploads\/2024\/01\/03ff444e-3a25-4c13-8653-a5a2ad9700e9-768x1024.jpg 768w, https:\/\/kuner-haustechnik.de\/wp-content\/uploads\/2024\/01\/03ff444e-3a25-4c13-8653-a5a2ad9700e9-1152x1536.jpg 1152w, https:\/\/kuner-haustechnik.de\/wp-content\/uploads\/2024\/01\/03ff444e-3a25-4c13-8653-a5a2ad9700e9-1024x1365.jpg 1024w, https:\/\/kuner-haustechnik.de\/wp-content\/uploads\/2024\/01\/03ff444e-3a25-4c13-8653-a5a2ad9700e9-810x1080.jpg 810w, https:\/\/kuner-haustechnik.de\/wp-content\/uploads\/2024\/01\/03ff444e-3a25-4c13-8653-a5a2ad9700e9.jpg 1536w\" sizes=\"(max-width: 225px) 100vw, 225px\" \/><\/a>\n\t\t\t<\/dt>\n\t\t\t\t<dd class='wp-caption-text gallery-caption' id='gallery-1-284'>\n\t\t\t\tFontaine Pajot 67\n\t\t\t\t<\/dd><\/dl><dl class='gallery-item'>\n\t\t\t<dt class='gallery-icon portrait'>\n\t\t\t\t<a data-fancybox=\"mesmerize-gallery-1-group\" href='https:\/\/kuner-haustechnik.de\/wp-content\/uploads\/2024\/01\/b2d8e472-6fe9-4552-a54b-8c93c6667683.jpg'><img loading=\"lazy\" decoding=\"async\"  width=\"169\" height=\"300\" src=\"https:\/\/kuner-haustechnik.de\/wp-content\/uploads\/2024\/01\/b2d8e472-6fe9-4552-a54b-8c93c6667683-169x300.jpg\"  class='mesmerize-gallery-1-image' alt=\"\" aria-describedby=\"gallery-1-287\" srcset=\"https:\/\/kuner-haustechnik.de\/wp-content\/uploads\/2024\/01\/b2d8e472-6fe9-4552-a54b-8c93c6667683-169x300.jpg 169w, https:\/\/kuner-haustechnik.de\/wp-content\/uploads\/2024\/01\/b2d8e472-6fe9-4552-a54b-8c93c6667683-576x1024.jpg 576w, https:\/\/kuner-haustechnik.de\/wp-content\/uploads\/2024\/01\/b2d8e472-6fe9-4552-a54b-8c93c6667683-768x1365.jpg 768w, https:\/\/kuner-haustechnik.de\/wp-content\/uploads\/2024\/01\/b2d8e472-6fe9-4552-a54b-8c93c6667683-864x1536.jpg 864w, https:\/\/kuner-haustechnik.de\/wp-content\/uploads\/2024\/01\/b2d8e472-6fe9-4552-a54b-8c93c6667683-1024x1820.jpg 1024w, https:\/\/kuner-haustechnik.de\/wp-content\/uploads\/2024\/01\/b2d8e472-6fe9-4552-a54b-8c93c6667683-608x1080.jpg 608w, https:\/\/kuner-haustechnik.de\/wp-content\/uploads\/2024\/01\/b2d8e472-6fe9-4552-a54b-8c93c6667683.jpg 1152w\" sizes=\"(max-width: 169px) 100vw, 169px\" \/><\/a>\n\t\t\t<\/dt>\n\t\t\t\t<dd class='wp-caption-text gallery-caption' id='gallery-1-287'>\n\t\t\t\tAbsolute 60\n\t\t\t\t<\/dd><\/dl><dl class='gallery-item'>\n\t\t\t<dt class='gallery-icon portrait'>\n\t\t\t\t<a data-fancybox=\"mesmerize-gallery-1-group\" href='https:\/\/kuner-haustechnik.de\/wp-content\/uploads\/2024\/01\/c54399b1-208c-454d-b957-893a302064e0.jpg'><img loading=\"lazy\" decoding=\"async\"  width=\"225\" height=\"300\" src=\"https:\/\/kuner-haustechnik.de\/wp-content\/uploads\/2024\/01\/c54399b1-208c-454d-b957-893a302064e0-225x300.jpg\"  class='mesmerize-gallery-1-image' alt=\"\" aria-describedby=\"gallery-1-288\" srcset=\"https:\/\/kuner-haustechnik.de\/wp-content\/uploads\/2024\/01\/c54399b1-208c-454d-b957-893a302064e0-225x300.jpg 225w, https:\/\/kuner-haustechnik.de\/wp-content\/uploads\/2024\/01\/c54399b1-208c-454d-b957-893a302064e0-768x1024.jpg 768w, https:\/\/kuner-haustechnik.de\/wp-content\/uploads\/2024\/01\/c54399b1-208c-454d-b957-893a302064e0-1152x1536.jpg 1152w, https:\/\/kuner-haustechnik.de\/wp-content\/uploads\/2024\/01\/c54399b1-208c-454d-b957-893a302064e0-1024x1365.jpg 1024w, https:\/\/kuner-haustechnik.de\/wp-content\/uploads\/2024\/01\/c54399b1-208c-454d-b957-893a302064e0-810x1080.jpg 810w, https:\/\/kuner-haustechnik.de\/wp-content\/uploads\/2024\/01\/c54399b1-208c-454d-b957-893a302064e0.jpg 1536w\" sizes=\"(max-width: 225px) 100vw, 225px\" \/><\/a>\n\t\t\t<\/dt>\n\t\t\t\t<dd class='wp-caption-text gallery-caption' id='gallery-1-288'>\n\t\t\t\tBodenkonvektor \n\t\t\t\t<\/dd><\/dl><dl class='gallery-item'>\n\t\t\t<dt class='gallery-icon portrait'>\n\t\t\t\t<a data-fancybox=\"mesmerize-gallery-1-group\" href='https:\/\/kuner-haustechnik.de\/wp-content\/uploads\/2024\/01\/8d7aa528-4b84-42e7-bc1f-2162ed5e8223.jpg'><img loading=\"lazy\" decoding=\"async\"  width=\"225\" height=\"300\" src=\"https:\/\/kuner-haustechnik.de\/wp-content\/uploads\/2024\/01\/8d7aa528-4b84-42e7-bc1f-2162ed5e8223-225x300.jpg\"  class='mesmerize-gallery-1-image' alt=\"\" aria-describedby=\"gallery-1-286\" srcset=\"https:\/\/kuner-haustechnik.de\/wp-content\/uploads\/2024\/01\/8d7aa528-4b84-42e7-bc1f-2162ed5e8223-225x300.jpg 225w, https:\/\/kuner-haustechnik.de\/wp-content\/uploads\/2024\/01\/8d7aa528-4b84-42e7-bc1f-2162ed5e8223-768x1024.jpg 768w, https:\/\/kuner-haustechnik.de\/wp-content\/uploads\/2024\/01\/8d7aa528-4b84-42e7-bc1f-2162ed5e8223-1152x1536.jpg 1152w, https:\/\/kuner-haustechnik.de\/wp-content\/uploads\/2024\/01\/8d7aa528-4b84-42e7-bc1f-2162ed5e8223-1024x1365.jpg 1024w, https:\/\/kuner-haustechnik.de\/wp-content\/uploads\/2024\/01\/8d7aa528-4b84-42e7-bc1f-2162ed5e8223-810x1080.jpg 810w, https:\/\/kuner-haustechnik.de\/wp-content\/uploads\/2024\/01\/8d7aa528-4b84-42e7-bc1f-2162ed5e8223.jpg 1536w\" sizes=\"(max-width: 225px) 100vw, 225px\" \/><\/a>\n\t\t\t<\/dt>\n\t\t\t\t<dd class='wp-caption-text gallery-caption' id='gallery-1-286'>\n\t\t\t\tBodenkonvektor\n\t\t\t\t<\/dd><\/dl>\n\t\t<\/div>\n<script>(function($){window.MaterialisCaptionsGallery && window.MaterialisCaptionsGallery($('[data-unique-id=\"mesmerize-gallery-1-69f2c9e78659e\"]'))})(jQuery)<\/script><\/div><\/div><\/div> <\/div><\/div>","protected":false},"excerpt":{"rendered":"<p>KUNER GmbH &amp; Co. Haustechnik KGSeit 1946 f\u00fcr Sie da!Wir sind ein zuverl\u00e4ssiger und kompetenter Fachpartner f\u00fcr alle Aufgaben im Heizungs-, Sanit\u00e4r-, Solar- und L\u00fcftungsbereich. Langj\u00e4hrige Erfahrung, hohes Fachwissen und ein flexibles, junges Team machen uns seit mehr als 75 Jahren zu einem Ansprechpartner, der f\u00fcr jede Aufgabe eine L\u00f6sung bietet. Wir freuen uns auf&hellip; <br \/> <a class=\"read-more\" href=\"https:\/\/kuner-haustechnik.de\/\">Weiterlesen<\/a><\/p>\n","protected":false},"author":1,"featured_media":0,"parent":0,"menu_order":0,"comment_status":"closed","ping_status":"closed","template":"page-templates\/homepage.php","meta":{"footnotes":""},"_links":{"self":[{"href":"https:\/\/kuner-haustechnik.de\/index.php?rest_route=\/wp\/v2\/pages\/8"}],"collection":[{"href":"https:\/\/kuner-haustechnik.de\/index.php?rest_route=\/wp\/v2\/pages"}],"about":[{"href":"https:\/\/kuner-haustechnik.de\/index.php?rest_route=\/wp\/v2\/types\/page"}],"author":[{"embeddable":true,"href":"https:\/\/kuner-haustechnik.de\/index.php?rest_route=\/wp\/v2\/users\/1"}],"replies":[{"embeddable":true,"href":"https:\/\/kuner-haustechnik.de\/index.php?rest_route=%2Fwp%2Fv2%2Fcomments&post=8"}],"version-history":[{"count":73,"href":"https:\/\/kuner-haustechnik.de\/index.php?rest_route=\/wp\/v2\/pages\/8\/revisions"}],"predecessor-version":[{"id":299,"href":"https:\/\/kuner-haustechnik.de\/index.php?rest_route=\/wp\/v2\/pages\/8\/revisions\/299"}],"wp:attachment":[{"href":"https:\/\/kuner-haustechnik.de\/index.php?rest_route=%2Fwp%2Fv2%2Fmedia&parent=8"}],"curies":[{"name":"wp","href":"https:\/\/api.w.org\/{rel}","templated":true}]}}