{"id":114,"date":"2021-02-11T12:56:09","date_gmt":"2021-02-11T12:56:09","guid":{"rendered":"https:\/\/kuner-haustechnik.de\/?page_id=114"},"modified":"2021-02-11T12:56:10","modified_gmt":"2021-02-11T12:56:10","slug":"datenschutzerklaerung","status":"publish","type":"page","link":"https:\/\/kuner-haustechnik.de\/?page_id=114","title":{"rendered":"Datenschutzerkl\u00e4rung"},"content":{"rendered":"\n<p>Der Schutz Ihrer Privatsph\u00e4re und Ihrer pers\u00f6nlichen Daten ist uns wichtig. Diese Datenschutzerkl\u00e4rung soll Ihnen Transparenz und Sicherheit geben, was mit Ihren personenbezogenen Daten und Informationen passiert. Die Verarbeitung der vom Nutzer erhobenen Daten erfolgt gem\u00e4\u00df den jeweils anwendbaren gesetzlichen Bestimmungen, insbesondere des Bundesdatenschutzgesetzes (\u201eBDSG\u201c) und der Verordnung (EU) 2016\/679 des Europ\u00e4ischen Parlaments und des Rates vom 27.04.2016 zum Schutz nat\u00fcrlicher Personen bei der Verarbeitung personenbezogener Daten, zum freien Datenverkehr und zur Aufhebung der Richtlinie 95\/46\/EG (\u201eDSGVO\u201c) und anderen gesetzlichen Bestimmungen, die f\u00fcr den elektronischen Gesch\u00e4ftsverkehr gelten.<\/p>\n\n\n\n<p><strong><u>Die Arten der von uns erfassten personenbezogenen Daten<\/u><\/strong>Wir erfassen Daten, die Sie uns freiwillig zur Verf\u00fcgung stellen, wie z.B. Namen, Telefonnummer oder E-Mail Adresse, z.B. wenn Sie uns \u00fcber unsere Homepage oder telefonisch kontaktieren, um mehr \u00fcber unsere Dienstleistung zu erfahren. Zus\u00e4tzlich verarbeiten wir \u2013 Vertragsdaten (z.B. Vertragsgegenstand, Laufzeit, Kundenkategorie). \u2013 Zahlungsdaten (z.B. Bankverbindung, Zahlungshistorie) von unseren Kunden, Interessenten und Gesch\u00e4ftspartnern zwecks Erbringung vertraglicher Leistungen, Service und Kundenpflege, Marketing, Werbung und Marktforschung. Wir erfassen automatisch Daten \u00fcber Sie, die von Cookies und vergleichbaren Technologien erfasst werden, wenn Sie unsere Website besuchen. Wir erfassen ggf. Daten z.B. \u00fcber die Art des Ger\u00e4tes, das Sie verwenden, das Betriebssystem und die Version, die IP-Adresse, den geografischen Standort, die Art des Browsers sowie die besuchten Seiten. Wir verwenden diese Daten weder um Sie zu identifizieren, noch um mit Ihnen in Kontakt zu treten.<\/p>\n\n\n\n<p><strong><u>Anlass der Datenerfassung<\/u><\/strong><\/p>\n\n\n\n<p>Die Datenverarbeitung erfolgt zur Erbringung unserer vertraglichen Verpflichtungen und Serviceleistungen gem. Art. 6 Abs. 1 lit b. DSGVO. Im Nachfolgenden finden Sie einige Anl\u00e4sse, zu denen wir Daten von Ihnen erfassen. Hier erl\u00e4utern wir, welche Daten wir erfassen und zu welchem Zweck.<\/p>\n\n\n\n<p>Vertragsabschluss<\/p>\n\n\n\n<p>Wenn Sie sich f\u00fcr unsere Leistungen entschieden haben, ben\u00f6tigen wir zur Abwicklung folgende Daten:<\/p>\n\n\n\n<p>Name, Anschrift, Ansprechpartner, E-Mail-Adresse, Telefonnummer, Telefaxnummer<\/p>\n\n\n\n<p>Wir nutzen diese Daten zur Abwicklung des Vertrages und f\u00fcr den Kontakt mit Ihnen.<\/p>\n\n\n\n<p>Anfrage \u00fcber unser Kontaktformular auf der Homepage<\/p>\n\n\n\n<p>\u00dcber die Homepage k\u00f6nnen Sie mit uns \u00fcber ein Formular in Kontakt treten. Hierf\u00fcr erfragen wir folgende Daten von Ihnen:<\/p>\n\n\n\n<p>Name, E-Mail-Adresse, Telefonnummer, Anliegen<\/p>\n\n\n\n<p>Die erfassten Daten dienen zur Kontaktaufnahme mit Ihnen.<\/p>\n\n\n\n<p><strong><u>Verwendung von personenbezogenen Daten<\/u><\/strong><\/p>\n\n\n\n<p>Ihre personenbezogenen Daten werden bei uns nicht an Dritte weitergegeben bzw. verkauft. Ausnahmen bilden unsere Dienstleister, die zur Bestellabwicklung bzw. Rechnungsstellung Ihre Daten ben\u00f6tigen (z.B. Paket- und Briefzusteller, Druckereien, unsere Bank zum Einzug der Lastschrift oder zur Durchsetzung unserer Rechte und Forderungen). Die Weitergabe erfolgt nur zur Erbringung der Dienstleistung.<\/p>\n\n\n\n<p>Dar\u00fcber hinaus verwenden wir Ihre personenbezogenen Daten folgenderma\u00dfen:<\/p>\n\n\n\n<ul><li>Zur Beantwortung von Kundenanfragen<\/li><li>Unsere Leistungen gegen\u00fcber Ihnen abzurechnen<\/li><li>Etwaige Anspr\u00fcche geltend zu machen und durchzusetzen<\/li><li>Zur Information \u00fcber neue Produkte\/Dienstleistungen<\/li><\/ul>\n\n\n\n<p><strong><u>Speicherung Ihrer Daten<\/u><\/strong><\/p>\n\n\n\n<p>Wir speichern Ihre personenbezogenen Daten so lange, wie wir es f\u00fcr notwendig erachten, die geltenden Gesetze einzuhalten (z.B. Aufbewahrungsfristen), Missbrauch aufzudecken oder Streitigkeiten beizulegen.<\/p>\n\n\n\n<p><strong><u>Ihre Rechte<\/u><\/strong><\/p>\n\n\n\n<p>Sie haben nach der Datenschutz-Grundverordnung verschiedene Rechte. Diese sind:<\/p>\n\n\n\n<ul><li>Auskunftsrecht:<br>Sie k\u00f6nnen um Auskunft \u00fcber die von Ihnen bei uns gespeicherten Daten bitten.<\/li><li>Berichtigungsrecht:<br>Sollten Ihre Daten sich ge\u00e4ndert haben, k\u00f6nnen Sie uns um eine Berichtigung Ihrer Daten bitten.<\/li><li>L\u00f6schungsrecht und Widerspruchsrecht:<br>Sie k\u00f6nnen die L\u00f6schung Ihrer personenbezogenen Daten verlangen bzw. der Verarbeitung der Daten widersprechen. Ihr Anspruch auf L\u00f6schung bzw. Widerspruch h\u00e4ngt u. a. davon ab, ob die Sie betreffenden Daten von uns zur Erf\u00fcllung unserer gesetzlichen Aufgaben noch ben\u00f6tigt werden.<\/li><li>Beschwerderecht:<br>Wenn Sie der Ansicht sind, dass die Verarbeitung der Sie betreffenden personenbezogenen Daten gegen geltendes Datenschutzrecht verst\u00f6\u00dft, k\u00f6nnen Sie das Recht auf Beschwerde bei einer Aufsichtsbeh\u00f6rde wahrnehmen.<\/li><\/ul>\n\n\n\n<ul><li>Aufsichtsbeh\u00f6rde:<br>Barbara Thiel<br>Die Landesbeauftragte f\u00fcr den Datenschutz Niedersachsen<br>Prinzenstra\u00dfe 5<br>30159 Hannover<\/li><\/ul>\n\n\n\n<p>Tel.: 0511-120 4500<\/p>\n\n\n\n<p>Fax: 0511-120 4599<\/p>\n\n\n\n<ul><li>Daten\u00fcbertragbarkeit:<br>Sie haben das Recht, die Sie betreffenden personenbezogenen Daten, welche Sie uns bereitgestellt haben und deren Verarbeitung auf einer Einwilligung oder einem Vertrag beruht und mithilfe automatisierter Verfahren erfolgt, in einem strukturierten, g\u00e4ngigen und maschinenlesbaren Format zu erhalten und zu \u00fcbermitteln. Soweit dies technisch machbar ist und sofern hiervon nicht die Rechte und Freiheiten anderer Personen beeintr\u00e4chtigt werden, k\u00f6nnen Sie erwirken, dass die personenbezogenen Daten direkt von uns an einen anderen Verantwortlichen \u00fcbermittelt werden.<\/li><\/ul>\n\n\n\n<p>Wir kommen Ihrer Anfrage so schnell wie m\u00f6glich, aber grunds\u00e4tzlich innerhalb eines Monats nach Eingang Ihres Anliegens, nach. Sollten wir l\u00e4nger als einen Monat f\u00fcr eine abschlie\u00dfende Kl\u00e4rung brauchen, erhalten Sie eine Zwischennachricht.<\/p>\n\n\n\n<p><strong><u>Verwendung von Cookies<\/u><\/strong><\/p>\n\n\n\n<p>Unsere Website verwendet Cookies. Das sind kleine Textdateien, die es m\u00f6glich machen, auf dem Endger\u00e4t des Nutzers spezifische, auf den Nutzer bezogene Informationen zu speichern, w\u00e4hrend er die Website nutzt. Cookies erm\u00f6glichen es, insbesondere Nutzungsh\u00e4ufigkeit und Nutzeranzahl der Seiten zu ermitteln, Verhaltensweisen der Seitennutzung zu analysieren, aber auch unser Angebot kundenfreundlicher zu gestalten. Cookies bleiben \u00fcber das Ende einer Browser-Sitzung gespeichert und k\u00f6nnen bei einem erneuten Seitenbesuch wieder aufgerufen werden. Wenn Sie das nicht w\u00fcnschen, sollten Sie Ihren Internetbrowser so einstellen, dass er die Annahme von Cookies verweigert.<\/p>\n\n\n\n<p><strong>Google Analytics<\/strong><\/p>\n\n\n\n<p>Diese Website nutzt Funktionen des Webanalysedienstes Google Analytics. Anbieter ist die Google Inc., 1600 Amphitheatre Parkway Mountain View, CA 94043, USA.<\/p>\n\n\n\n<p>Google Analytics verwendet sog. \u201eCookies\u201c. Das sind Textdateien, die auf Ihrem Computer gespeichert werden und die eine Analyse der Benutzung der Website durch Sie erm\u00f6glichen. Die durch den Cookie erzeugten Informationen \u00fcber Ihre Benutzung dieser Website werden in der Regel an einen Server von Google in den USA \u00fcbertragen und dort gespeichert.<\/p>\n\n\n\n<p>Im Falle der Aktivierung der IP-Anonymisierung auf dieser Webseite wird Ihre IP-Adresse von Google jedoch innerhalb von Mitgliedstaaten der Europ\u00e4ischen Union oder in anderen Vertragsstaaten des Abkommens \u00fcber den Europ\u00e4ischen Wirtschaftsraum zuvor gek\u00fcrzt. Nur in Ausnahmef\u00e4llen wird die volle IP-Adresse an einen Server von Google in den USA \u00fcbertragen und dort gek\u00fcrzt. Im Auftrag des Betreibers dieser Website wird Google diese Informationen benutzen, um Ihre Nutzung der Website auszuwerten, um Reports \u00fcber die Websiteaktivit\u00e4ten zusammenzustellen und um weitere mit der Websitenutzung und der Internetnutzung verbundene Dienstleistungen gegen\u00fcber dem Websitebetreiber zu erbringen. Die im Rahmen von Google Analytics von Ihrem Browser \u00fcbermittelte IP-Adresse wird nicht mit anderen Daten von Google zusammengef\u00fchrt.<\/p>\n\n\n\n<p>Sie k\u00f6nnen die Speicherung der Cookies durch eine entsprechende Einstellung Ihrer Browser-Software verhindern; wir weisen Sie jedoch darauf hin, dass Sie in diesem Fall gegebenenfalls nicht s\u00e4mtliche Funktionen dieser Website vollumf\u00e4nglich werden nutzen k\u00f6nnen. Sie k\u00f6nnen dar\u00fcber hinaus die Erfassung der durch das Cookie erzeugten und auf Ihre Nutzung der Website bezogenen Daten (inkl. Ihrer IP-Adresse) an Google sowie die Verarbeitung dieser Daten durch Google verhindern, indem sie das unter dem folgenden Link verf\u00fcgbare Browser-Plugin herunterladen und installieren: http:\/\/tools.google.com\/dlpage\/gaoptout?hl=de<\/p>\n\n\n\n<p>Sie k\u00f6nnen die Erfassung durch Google Analytics verhindern, indem Sie auf folgenden Link klicken. Es wird ein Opt-Out-Cookie gesetzt, das das Erfassung Ihrer Daten bei zuk\u00fcnftigen Besuchen dieser Website verhindert: Google Analytics deaktivieren<\/p>\n\n\n\n<p><strong><u>Einbindung von Diensten und Inhalten Dritter<\/u><\/strong><\/p>\n\n\n\n<p>Wir setzen innerhalb unseres Onlineangebotes auf Grundlage unserer berechtigten Interessen (d.h. Interesse an der Analyse, Optimierung und wirtschaftlichem Betrieb unseres Onlineangebotes im Sinne des Art. 6 Abs. 1 lit. f. DSGVO) Inhalts- oder Serviceangebote von Drittanbietern ein, um deren Inhalte und Services, wie z.B. Videos oder Schriftarten einzubinden (nachfolgend einheitlich bezeichnet als \u201cInhalte\u201d). Dies setzt immer voraus, dass die Drittanbieter dieser Inhalte, die IP-Adresse der Nutzer wahrnehmen, da sie ohne die IP-Adresse die Inhalte nicht an deren Browser senden k\u00f6nnten. Die IP-Adresse ist damit f\u00fcr die Darstellung dieser Inhalte erforderlich. Wir bem\u00fchen uns nur solche Inhalte zu verwenden, deren jeweilige Anbieter die IP-Adresse lediglich zur Auslieferung der Inhalte verwenden. Drittanbieter k\u00f6nnen ferner so genannte Pixel-Tags (unsichtbare Grafiken, auch als \u201eWeb Beacons\u201c bezeichnet) f\u00fcr statistische oder Marketingzwecke verwenden. Durch die \u201ePixel-Tags\u201c k\u00f6nnen Informationen, wie der Besucherverkehr auf den Seiten dieser Website ausgewertet werden. Die pseudonymen Informationen k\u00f6nnen ferner in Cookies auf dem Ger\u00e4t der Nutzer gespeichert werden und unter anderem technische Informationen zum Browser und Betriebssystem, verweisende Webseiten, Besuchszeit sowie weitere Angaben zur Nutzung unseres Onlineangebotes enthalten, als auch mit solchen Informationen aus anderen Quellen verbunden werden.<\/p>\n\n\n\n<p>KUNER GmbH &amp; Co. Haustechnik KG<br>St\u00f6ckener Stra\u00dfe 159<br>30419 Hannover<br>Tel. 0511463400<br>Fax 0511433516<br>Mail:\u00a0<a href=\"mailto:info@autokonservierung.de\">info@kuner-haustechnik.de<\/a><\/p>\n\n\n\n<p>Stand: 11.02.2021<\/p>\n","protected":false},"excerpt":{"rendered":"<p>Der Schutz Ihrer Privatsph\u00e4re und Ihrer pers\u00f6nlichen Daten ist uns wichtig. Diese Datenschutzerkl\u00e4rung soll Ihnen Transparenz und Sicherheit geben, was mit Ihren personenbezogenen Daten und Informationen passiert. Die Verarbeitung der vom Nutzer erhobenen Daten erfolgt gem\u00e4\u00df den jeweils anwendbaren gesetzlichen Bestimmungen, insbesondere des Bundesdatenschutzgesetzes (\u201eBDSG\u201c) und der Verordnung (EU) 2016\/679 des Europ\u00e4ischen Parlaments und des&hellip; <br \/> <a class=\"read-more\" href=\"https:\/\/kuner-haustechnik.de\/?page_id=114\">Weiterlesen<\/a><\/p>\n","protected":false},"author":1,"featured_media":0,"parent":0,"menu_order":0,"comment_status":"closed","ping_status":"closed","template":"","meta":{"footnotes":""},"_links":{"self":[{"href":"https:\/\/kuner-haustechnik.de\/index.php?rest_route=\/wp\/v2\/pages\/114"}],"collection":[{"href":"https:\/\/kuner-haustechnik.de\/index.php?rest_route=\/wp\/v2\/pages"}],"about":[{"href":"https:\/\/kuner-haustechnik.de\/index.php?rest_route=\/wp\/v2\/types\/page"}],"author":[{"embeddable":true,"href":"https:\/\/kuner-haustechnik.de\/index.php?rest_route=\/wp\/v2\/users\/1"}],"replies":[{"embeddable":true,"href":"https:\/\/kuner-haustechnik.de\/index.php?rest_route=%2Fwp%2Fv2%2Fcomments&post=114"}],"version-history":[{"count":1,"href":"https:\/\/kuner-haustechnik.de\/index.php?rest_route=\/wp\/v2\/pages\/114\/revisions"}],"predecessor-version":[{"id":115,"href":"https:\/\/kuner-haustechnik.de\/index.php?rest_route=\/wp\/v2\/pages\/114\/revisions\/115"}],"wp:attachment":[{"href":"https:\/\/kuner-haustechnik.de\/index.php?rest_route=%2Fwp%2Fv2%2Fmedia&parent=114"}],"curies":[{"name":"wp","href":"https:\/\/api.w.org\/{rel}","templated":true}]}}